{"id":1736,"date":"2022-11-01T10:23:38","date_gmt":"2022-11-01T09:23:38","guid":{"rendered":"https:\/\/moniberic.com\/sobre-nosaltres\/"},"modified":"2025-02-28T12:51:06","modified_gmt":"2025-02-28T11:51:06","slug":"sobre-nosaltres","status":"publish","type":"page","link":"https:\/\/moniberic.com\/ca\/sobre-nosaltres\/","title":{"rendered":"Sobre nosaltres"},"content":{"rendered":"\t\t<div data-elementor-type=\"wp-page\" data-elementor-id=\"1736\" class=\"elementor elementor-1736 elementor-603\" data-elementor-post-type=\"page\">\n\t\t\t\t<div data-particle_enable=\"false\" data-particle-mobile-disabled=\"false\" class=\"elementor-element elementor-element-a69864e e-flex e-con-boxed e-con e-parent\" data-id=\"a69864e\" data-element_type=\"container\" data-e-type=\"container\" data-settings=\"{&quot;background_background&quot;:&quot;classic&quot;}\">\n\t\t\t\t\t<div class=\"e-con-inner\">\n\t\t<div data-particle_enable=\"false\" data-particle-mobile-disabled=\"false\" class=\"elementor-element elementor-element-869e976 e-con-full e-flex e-con e-child\" data-id=\"869e976\" data-element_type=\"container\" data-e-type=\"container\">\n\t\t\t\t<\/div>\n\t\t<div data-particle_enable=\"false\" data-particle-mobile-disabled=\"false\" class=\"elementor-element elementor-element-e298ff8 e-con-full e-flex e-con e-child\" data-id=\"e298ff8\" data-element_type=\"container\" data-e-type=\"container\">\n\t\t\t\t<div class=\"elementor-element elementor-element-eedc6cf elementor-widget elementor-widget-heading\" data-id=\"eedc6cf\" data-element_type=\"widget\" data-e-type=\"widget\" data-widget_type=\"heading.default\">\n\t\t\t\t\t<h1 class=\"elementor-heading-title elementor-size-default\">a moniberic som<br>100% Ib\u00e8rics<\/h1>\t\t\t\t<\/div>\n\t\t\t\t<div class=\"elementor-element elementor-element-41273fc animated-slow elementor-invisible elementor-widget elementor-widget-heading\" data-id=\"41273fc\" data-element_type=\"widget\" data-e-type=\"widget\" data-settings=\"{&quot;_animation&quot;:&quot;fadeInRight&quot;,&quot;_animation_delay&quot;:1000}\" data-widget_type=\"heading.default\">\n\t\t\t\t\t<p class=\"elementor-heading-title elementor-size-default\">Treball, dedicaci\u00f3 i experi\u00e8ncia.<br>Aquest \u00e9s el nostre saber<\/p>\t\t\t\t<\/div>\n\t\t\t\t<\/div>\n\t\t\t\t\t<\/div>\n\t\t\t\t<\/div>\n\t\t<div data-particle_enable=\"false\" data-particle-mobile-disabled=\"false\" class=\"elementor-element elementor-element-d7bb171 e-flex e-con-boxed e-con e-parent\" data-id=\"d7bb171\" data-element_type=\"container\" data-e-type=\"container\">\n\t\t\t\t\t<div class=\"e-con-inner\">\n\t\t<div data-particle_enable=\"false\" data-particle-mobile-disabled=\"false\" class=\"elementor-element elementor-element-2b97584 e-con-full e-flex e-con e-child\" data-id=\"2b97584\" data-element_type=\"container\" data-e-type=\"container\">\n\t\t\t\t<div class=\"elementor-element elementor-element-967fddb elementor-widget elementor-widget-text-editor\" data-id=\"967fddb\" data-element_type=\"widget\" data-e-type=\"widget\" data-widget_type=\"text-editor.default\">\n\t\t\t\t\t\t\t\t\t<p><strong>moniberic<\/strong> va n\u00e9ixer fa m\u00e9s de 40 anys, fruit del treball, la dedicaci\u00f3 i el saber fer de la fam\u00edlia Tom\u00e1s, una fam\u00edlia que comparteix abans de res la passi\u00f3 per un producte que \u00e9s la refer\u00e8ncia gastron\u00f2mica del nostre pa\u00eds. A les nostres botigues, es respira \u201ccultura del pernil\u201d.<\/p><p>En moniberic podr\u00e0 gaudir de la m\u00e9s \u00e0mplia selecci\u00f3 dels pernils Ib\u00e8rics m\u00e9s admirats del mercat, en un entorn on es respira l&#8217;experi\u00e8ncia de tres generacions d&#8217;una fam\u00edlia de mestres del pernil.<\/p><p>Procedents de porcs ib\u00e8rics, alimentats en r\u00e8gim de montanera, exclusivament amb glans i pastures naturals, els nostres pernils han estat seleccionats entre els artesans m\u00e9s prestigiosos de les principals denominacions d&#8217;Origen del pa\u00eds: Guijuelo, Devesa d&#8217;Extremadura, Pedroches, Huelva\u2026<\/p>\t\t\t\t\t\t\t\t<\/div>\n\t\t\t\t<\/div>\n\t\t<div data-particle_enable=\"false\" data-particle-mobile-disabled=\"false\" class=\"elementor-element elementor-element-e632bdc e-con-full e-flex e-con e-child\" data-id=\"e632bdc\" data-element_type=\"container\" data-e-type=\"container\">\n\t\t\t\t<div class=\"elementor-element elementor-element-b5794fb elementor-widget elementor-widget-heading\" data-id=\"b5794fb\" data-element_type=\"widget\" data-e-type=\"widget\" data-widget_type=\"heading.default\">\n\t\t\t\t\t<h2 class=\"elementor-heading-title elementor-size-default\">La nostra empresa es va crear sumant la sinergia de joventut dels fundadors i l'experi\u00e8ncia de les tres generacions que representen <\/h2>\t\t\t\t<\/div>\n\t\t\t\t<\/div>\n\t\t\t\t\t<\/div>\n\t\t\t\t<\/div>\n\t\t<div data-particle_enable=\"false\" data-particle-mobile-disabled=\"false\" class=\"elementor-element elementor-element-10dd28b e-flex e-con-boxed e-con e-parent\" data-id=\"10dd28b\" data-element_type=\"container\" data-e-type=\"container\">\n\t\t\t\t\t<div class=\"e-con-inner\">\n\t\t<div data-particle_enable=\"false\" data-particle-mobile-disabled=\"false\" class=\"elementor-element elementor-element-8479062 e-con-full e-flex e-con e-child\" data-id=\"8479062\" data-element_type=\"container\" data-e-type=\"container\">\n\t\t\t\t<div class=\"elementor-element elementor-element-2f6996a elementor-cta--skin-classic elementor-animated-content elementor-bg-transform elementor-bg-transform-zoom-in elementor-widget elementor-widget-call-to-action\" data-id=\"2f6996a\" data-element_type=\"widget\" data-e-type=\"widget\" data-widget_type=\"call-to-action.default\">\n\t\t\t\t\t\t\t<div class=\"elementor-cta\">\n\t\t\t\t\t<div class=\"elementor-cta__bg-wrapper\">\n\t\t\t\t<div class=\"elementor-cta__bg elementor-bg\" style=\"background-image: url(https:\/\/moniberic.com\/wp-content\/uploads\/2022\/11\/Dehesa-Moniberic-2.jpg);\" role=\"img\" aria-label=\"Dehesa-Moniberic-2\"><\/div>\n\t\t\t\t<div class=\"elementor-cta__bg-overlay\"><\/div>\n\t\t\t<\/div>\n\t\t\t\t\t\t\t<div class=\"elementor-cta__content\">\n\t\t\t\t\n\t\t\t\t\t\t\t\t\t<h2 class=\"elementor-cta__title elementor-cta__content-item elementor-content-item\">\n\t\t\t\t\t\tPorc devesa\t\t\t\t\t<\/h2>\n\t\t\t\t\n\t\t\t\t\t\t\t\t\t<div class=\"elementor-cta__description elementor-cta__content-item elementor-content-item\">\n\t\t\t\t\t\t\u00c9s en les millors deveses on principalment se seleccionen en sang els pernils que en els pr\u00f2xims mesos formaran part del nostre celler.\t\t\t\t\t<\/div>\n\t\t\t\t\n\t\t\t\t\t\t\t<\/div>\n\t\t\t\t\t\t<\/div>\n\t\t\t\t\t\t<\/div>\n\t\t\t\t<\/div>\n\t\t<div data-particle_enable=\"false\" data-particle-mobile-disabled=\"false\" class=\"elementor-element elementor-element-fd533ee e-con-full e-flex e-con e-child\" data-id=\"fd533ee\" data-element_type=\"container\" data-e-type=\"container\">\n\t\t\t\t<div class=\"elementor-element elementor-element-1788cad elementor-cta--skin-classic elementor-animated-content elementor-bg-transform elementor-bg-transform-zoom-in elementor-widget elementor-widget-call-to-action\" data-id=\"1788cad\" data-element_type=\"widget\" data-e-type=\"widget\" data-widget_type=\"call-to-action.default\">\n\t\t\t\t\t\t\t<div class=\"elementor-cta\">\n\t\t\t\t\t<div class=\"elementor-cta__bg-wrapper\">\n\t\t\t\t<div class=\"elementor-cta__bg elementor-bg\" style=\"background-image: url(https:\/\/moniberic.com\/wp-content\/uploads\/2022\/11\/Secadero-Moniberic.jpg);\" role=\"img\" aria-label=\"Secadero-Moniberic\"><\/div>\n\t\t\t\t<div class=\"elementor-cta__bg-overlay\"><\/div>\n\t\t\t<\/div>\n\t\t\t\t\t\t\t<div class=\"elementor-cta__content\">\n\t\t\t\t\n\t\t\t\t\t\t\t\t\t<h2 class=\"elementor-cta__title elementor-cta__content-item elementor-content-item\">\n\t\t\t\t\t\tProc\u00e9s d'elaboraci\u00f3\t\t\t\t\t<\/h2>\n\t\t\t\t\n\t\t\t\t\t\t\t\t\t<div class=\"elementor-cta__description elementor-cta__content-item elementor-content-item\">\n\t\t\t\t\t\tA partir del moment de la seva selecci\u00f3, els pernils segueixen en els seus assecadors d'origen un exclusiu proc\u00e9s de maduraci\u00f3 que permetr\u00e0 enaltir fins i tot m\u00e9s si cap les delicades aromes i matisos d'aquestes peces \u00faniques, joies de la gastronomia del nostre pa\u00eds.\nEl proc\u00e9s complet de producci\u00f3 \u00e9s exclusiu i un signe d'identitat de la nostra marca.\t\t\t\t\t<\/div>\n\t\t\t\t\n\t\t\t\t\t\t\t<\/div>\n\t\t\t\t\t\t<\/div>\n\t\t\t\t\t\t<\/div>\n\t\t\t\t<\/div>\n\t\t<div data-particle_enable=\"false\" data-particle-mobile-disabled=\"false\" class=\"elementor-element elementor-element-deeea68 e-con-full e-flex e-con e-child\" data-id=\"deeea68\" data-element_type=\"container\" data-e-type=\"container\">\n\t\t\t\t<div class=\"elementor-element elementor-element-75e2645 elementor-cta--skin-classic elementor-animated-content elementor-bg-transform elementor-bg-transform-zoom-in elementor-widget elementor-widget-call-to-action\" data-id=\"75e2645\" data-element_type=\"widget\" data-e-type=\"widget\" data-widget_type=\"call-to-action.default\">\n\t\t\t\t\t\t\t<div class=\"elementor-cta\">\n\t\t\t\t\t<div class=\"elementor-cta__bg-wrapper\">\n\t\t\t\t<div class=\"elementor-cta__bg elementor-bg\" style=\"background-image: url(https:\/\/moniberic.com\/wp-content\/uploads\/2022\/11\/Calidad-Moniberic.jpg);\" role=\"img\" aria-label=\"Calidad-Moniberic\"><\/div>\n\t\t\t\t<div class=\"elementor-cta__bg-overlay\"><\/div>\n\t\t\t<\/div>\n\t\t\t\t\t\t\t<div class=\"elementor-cta__content\">\n\t\t\t\t\n\t\t\t\t\t\t\t\t\t<h2 class=\"elementor-cta__title elementor-cta__content-item elementor-content-item\">\n\t\t\t\t\t\tEst\u00e0ndards de Qualitat\t\t\t\t\t<\/h2>\n\t\t\t\t\n\t\t\t\t\t\t\t\t\t<div class=\"elementor-cta__description elementor-cta__content-item elementor-content-item\">\n\t\t\t\t\t\tAbans de la manipulaci\u00f3 del producte, cada pe\u00e7a passa els processos de qualitat establerts per nosaltres mateixos.\t\t\t\t\t<\/div>\n\t\t\t\t\n\t\t\t\t\t\t\t<\/div>\n\t\t\t\t\t\t<\/div>\n\t\t\t\t\t\t<\/div>\n\t\t\t\t<\/div>\n\t\t<div data-particle_enable=\"false\" data-particle-mobile-disabled=\"false\" class=\"elementor-element elementor-element-6450243 e-con-full e-flex e-con e-child\" data-id=\"6450243\" data-element_type=\"container\" data-e-type=\"container\">\n\t\t\t\t<div class=\"elementor-element elementor-element-dc41a96 elementor-cta--skin-classic elementor-animated-content elementor-bg-transform elementor-bg-transform-zoom-in elementor-widget elementor-widget-call-to-action\" data-id=\"dc41a96\" data-element_type=\"widget\" data-e-type=\"widget\" data-widget_type=\"call-to-action.default\">\n\t\t\t\t\t\t\t<div class=\"elementor-cta\">\n\t\t\t\t\t<div class=\"elementor-cta__bg-wrapper\">\n\t\t\t\t<div class=\"elementor-cta__bg elementor-bg\" style=\"background-image: url(https:\/\/moniberic.com\/wp-content\/uploads\/2022\/11\/Tienda-Moniberic.jpg);\" role=\"img\" aria-label=\"Tienda-Moniberic\"><\/div>\n\t\t\t\t<div class=\"elementor-cta__bg-overlay\"><\/div>\n\t\t\t<\/div>\n\t\t\t\t\t\t\t<div class=\"elementor-cta__content\">\n\t\t\t\t\n\t\t\t\t\t\t\t\t\t<h2 class=\"elementor-cta__title elementor-cta__content-item elementor-content-item\">\n\t\t\t\t\t\tManipulaci\u00f3 del producte\t\t\t\t\t<\/h2>\n\t\t\t\t\n\t\t\t\t\t\t\t\t\t<div class=\"elementor-cta__description elementor-cta__content-item elementor-content-item\">\n\t\t\t\t\t\tEn la nostra central de cabrera de Mar, es realitza la manipulaci\u00f3 del producte pe\u00e7a a pe\u00e7a i manualment pels nostres professionals.\t\t\t\t\t<\/div>\n\t\t\t\t\n\t\t\t\t\t\t\t<\/div>\n\t\t\t\t\t\t<\/div>\n\t\t\t\t\t\t<\/div>\n\t\t\t\t<\/div>\n\t\t<div data-particle_enable=\"false\" data-particle-mobile-disabled=\"false\" class=\"elementor-element elementor-element-daef93d e-con-full e-flex e-con e-child\" data-id=\"daef93d\" data-element_type=\"container\" data-e-type=\"container\">\n\t\t\t\t<div class=\"elementor-element elementor-element-386c812 elementor-cta--skin-classic elementor-animated-content elementor-bg-transform elementor-bg-transform-zoom-in elementor-widget elementor-widget-call-to-action\" data-id=\"386c812\" data-element_type=\"widget\" data-e-type=\"widget\" data-widget_type=\"call-to-action.default\">\n\t\t\t\t\t\t\t<div class=\"elementor-cta\">\n\t\t\t\t\t<div class=\"elementor-cta__bg-wrapper\">\n\t\t\t\t<div class=\"elementor-cta__bg elementor-bg\" style=\"background-image: url(https:\/\/moniberic.com\/wp-content\/uploads\/2022\/10\/jamon-cebo-iberico-tl-pieza-3-1.jpg);\" role=\"img\" aria-label=\"jamon-cebo-iberico-tl-pieza-3\"><\/div>\n\t\t\t\t<div class=\"elementor-cta__bg-overlay\"><\/div>\n\t\t\t<\/div>\n\t\t\t\t\t\t\t<div class=\"elementor-cta__content\">\n\t\t\t\t\n\t\t\t\t\t\t\t\t\t<h2 class=\"elementor-cta__title elementor-cta__content-item elementor-content-item\">\n\t\t\t\t\t\tProducte fet a mida\t\t\t\t\t<\/h2>\n\t\t\t\t\n\t\t\t\t\t\t\t\t\t<div class=\"elementor-cta__description elementor-cta__content-item elementor-content-item\">\n\t\t\t\t\t\tDonis de la nostra central s'elaboren els diferents formats en els quals es pot presentar el producte (desossat, tallat, encenalls,\u2026) Aix\u00ed com la resta de productes que configuren la nostra oferta.\t\t\t\t\t<\/div>\n\t\t\t\t\n\t\t\t\t\t\t\t<\/div>\n\t\t\t\t\t\t<\/div>\n\t\t\t\t\t\t<\/div>\n\t\t\t\t<\/div>\n\t\t\t\t\t<\/div>\n\t\t\t\t<\/div>\n\t\t\t\t<\/div>\n\t\t","protected":false},"excerpt":{"rendered":"<p>a moniberic som100% Ib\u00e8rics Treball, dedicaci\u00f3 i experi\u00e8ncia.Aquest \u00e9s el nostre saber moniberic va n\u00e9ixer fa m\u00e9s de 40 anys, fruit del treball, la dedicaci\u00f3 i el saber fer de la fam\u00edlia Tom\u00e1s, una fam\u00edlia que comparteix abans de res la passi\u00f3 per un producte que \u00e9s la refer\u00e8ncia gastron\u00f2mica del nostre pa\u00eds. A les [&hellip;]<\/p>\n","protected":false},"author":1,"featured_media":0,"parent":0,"menu_order":0,"comment_status":"closed","ping_status":"closed","template":"elementor_header_footer","meta":{"footnotes":""},"class_list":["post-1736","page","type-page","status-publish","hentry"],"_links":{"self":[{"href":"https:\/\/moniberic.com\/ca\/wp-json\/wp\/v2\/pages\/1736","targetHints":{"allow":["GET"]}}],"collection":[{"href":"https:\/\/moniberic.com\/ca\/wp-json\/wp\/v2\/pages"}],"about":[{"href":"https:\/\/moniberic.com\/ca\/wp-json\/wp\/v2\/types\/page"}],"author":[{"embeddable":true,"href":"https:\/\/moniberic.com\/ca\/wp-json\/wp\/v2\/users\/1"}],"replies":[{"embeddable":true,"href":"https:\/\/moniberic.com\/ca\/wp-json\/wp\/v2\/comments?post=1736"}],"version-history":[{"count":0,"href":"https:\/\/moniberic.com\/ca\/wp-json\/wp\/v2\/pages\/1736\/revisions"}],"wp:attachment":[{"href":"https:\/\/moniberic.com\/ca\/wp-json\/wp\/v2\/media?parent=1736"}],"curies":[{"name":"wp","href":"https:\/\/api.w.org\/{rel}","templated":true}]}}