{"id":1731,"date":"2022-11-22T16:54:14","date_gmt":"2022-11-22T15:54:14","guid":{"rendered":"https:\/\/moniberic.com\/politica-de-privacitat\/"},"modified":"2025-02-28T14:46:03","modified_gmt":"2025-02-28T13:46:03","slug":"politica-de-privacitat","status":"publish","type":"page","link":"https:\/\/moniberic.com\/ca\/politica-de-privacitat\/","title":{"rendered":"Pol\u00edtica de privacitat"},"content":{"rendered":"\t\t<div data-elementor-type=\"wp-page\" data-elementor-id=\"1731\" class=\"elementor elementor-1731 elementor-1157\" data-elementor-post-type=\"page\">\n\t\t\t\t<div data-particle_enable=\"false\" data-particle-mobile-disabled=\"false\" class=\"elementor-element elementor-element-a22524f e-flex e-con-boxed e-con e-parent\" data-id=\"a22524f\" data-element_type=\"container\" data-e-type=\"container\">\n\t\t\t\t\t<div class=\"e-con-inner\">\n\t\t\t\t<div class=\"elementor-element elementor-element-53c28ce elementor-widget elementor-widget-heading\" data-id=\"53c28ce\" data-element_type=\"widget\" data-e-type=\"widget\" data-widget_type=\"heading.default\">\n\t\t\t\t\t<h1 class=\"elementor-heading-title elementor-size-default\">POL\u00cdTICA DE PRIVACITAT\n<\/h1>\t\t\t\t<\/div>\n\t\t\t\t<div class=\"elementor-element elementor-element-eda9c6f elementor-widget elementor-widget-text-editor\" data-id=\"eda9c6f\" data-element_type=\"widget\" data-e-type=\"widget\" data-widget_type=\"text-editor.default\">\n\t\t\t\t\t\t\t\t\t<p>Aquesta pol\u00edtica de privacitat estableix la forma en qu\u00e8 es gestionaran les dades personals que l&#8217;usuari ens faciliti a trav\u00e9s del correu electr\u00f2nic, formularis web, etc.<\/p><p>A l&#8217;efecte del que es preveu en l&#8217;Article 13 del Reglament (UE) 2016\/679 del Parlament Europeu i del Consell, relatiu a la protecci\u00f3 de les persones f\u00edsiques pel que fa al tractament de dades personals, s&#8217;informa de manera clara i transparent de les dades del responsable d&#8217;aquest lloc web:<\/p>\t\t\t\t\t\t\t\t<\/div>\n\t\t\t\t<div class=\"elementor-element elementor-element-d879b8f elementor-widget elementor-widget-heading\" data-id=\"d879b8f\" data-element_type=\"widget\" data-e-type=\"widget\" data-widget_type=\"heading.default\">\n\t\t\t\t\t<h2 class=\"elementor-heading-title elementor-size-default\">DADES IDENTIFICATIVES I DE CONTACTE DEL RESPONSABLE DEL TRACTAMENT<\/h2>\t\t\t\t<\/div>\n\t\t\t\t<div class=\"elementor-element elementor-element-493ac15 elementor-widget elementor-widget-text-editor\" data-id=\"493ac15\" data-element_type=\"widget\" data-e-type=\"widget\" data-widget_type=\"text-editor.default\">\n\t\t\t\t\t\t\t\t\t<p>Titular: MONIBERIC SELECCI\u00d3N, S.L<br>C.I.F.: B-62876859<br>Adre\u00e7a: C \/cam\u00ed del mig , 122-124 Local \u2013 Pol\u00edgon Industrial Les Corts<br>08349- Cabrera de Mar (Barcelona)<br>Tel\u00e8fon: 93 540 52 79<br>Fax: 93 555 81 91<br>E-Mail: informacion@moniberic.com<\/p>\t\t\t\t\t\t\t\t<\/div>\n\t\t\t\t<div class=\"elementor-element elementor-element-005bba5 elementor-widget elementor-widget-heading\" data-id=\"005bba5\" data-element_type=\"widget\" data-e-type=\"widget\" data-widget_type=\"heading.default\">\n\t\t\t\t\t<h2 class=\"elementor-heading-title elementor-size-default\"><b>FINALITATS DE TRACTAMENT DE LES DADES DE CAR\u00c0CTER PERSONAL\n<\/b><\/h2>\t\t\t\t<\/div>\n\t\t\t\t<div class=\"elementor-element elementor-element-09fcf8d elementor-widget elementor-widget-heading\" data-id=\"09fcf8d\" data-element_type=\"widget\" data-e-type=\"widget\" data-widget_type=\"heading.default\">\n\t\t\t\t\t<h2 class=\"elementor-heading-title elementor-size-default\">Els usuaris que accedeixen al lloc web corporatiu i volunt\u00e0riament proporcionen informaci\u00f3 personal per a navegar pel lloc o utilitzar algun servei que requereixi la comunicaci\u00f3 de dades a l'EMPRESA, queden informats de les seg\u00fcents finalitats de tractament de les dades de car\u00e0cter personal dels usuaris, que L'EMPRESA podr\u00e0 dur a terme:\n<\/h2>\t\t\t\t<\/div>\n\t\t\t\t<div class=\"elementor-element elementor-element-cd1d532 elementor-widget elementor-widget-text-editor\" data-id=\"cd1d532\" data-element_type=\"widget\" data-e-type=\"widget\" data-widget_type=\"text-editor.default\">\n\t\t\t\t\t\t\t\t\t<ol><li>La prestaci\u00f3 de serveis de venda i distribuci\u00f3 de productes d&#8217;alimentaci\u00f3.<\/li><li>Dur a terme la gesti\u00f3 administrativa, i comercial de les dades facilitades.<\/li><li>Facturar als clients els serveis prestats.<\/li><li>Quan l&#8217;usuari utilitza els serveis habilitats a aquest efecte per a contactar amb L&#8217;EMPRESA (a trav\u00e9s de formularis, tel\u00e8fon, o correu electr\u00f2nic), L&#8217;EMPRESA tractar\u00e0 les seves dades personals per a atendre les seves consultes, i gestionar la contestaci\u00f3 de la comunicaci\u00f3 realitzada per l&#8217;usuari.<\/li><li>L&#8217;enviament de publicitat amb el previ consentiment de l&#8217;interessat.<\/li><\/ol><p> <\/p><p>L&#8217;enviament de dades de car\u00e0cter personal \u00e9s obligatori per a contactar i realitzar operacions comercials amb L&#8217;EMPRESA. Aix\u00ed mateix, el no facilitar les dades personals sol\u00b7licitades o el no acceptar la present pol\u00edtica de protecci\u00f3 de dades suposa la impossibilitat de processar les sol\u00b7licituds realitzades a trav\u00e9s del present lloc web.<\/p><p>Les dades personals proporcionades es conservaran mentre l&#8217;interessat no sol\u00b7liciti la seva supressi\u00f3 o cancel\u00b7laci\u00f3 i sempre que resultin adequats, pertinents i limitats al necessari per als fins per als quals siguin tractats. En aquest cas, les dades proporcionades es conservaran mentre es mantingui la relaci\u00f3 comercial, contractual, o durant el per\u00edode necessari per a complir amb les obligacions legals. Es garanteix un tractament de dades lleial i transparent.<\/p><p>Utilitzem els comptes de Facebook, Twitter i Instagram per a informar sobre les nostres activitats i interactuar amb els nostres seguidors. L&#8217;acc\u00e9s i \u00fas de les p\u00e0gines oficials de L&#8217;EMPRESA, est\u00e0 subjecte al compliment de les condicions establertes pels titulars de la plataforma del servei de les referides xarxes socials.<\/p><p>Consentiment per a finalitats publicit\u00e0ries: Vost\u00e8 consent i autoritza expressament a MONIBERIC SELECCI\u00d3, S.L perqu\u00e8 pugui tractar les seves dades personals, amb la finalitat d&#8217;incloure les seves dades en campanyes publicit\u00e0ries promogudes per MONIBERIC SELECCI\u00d3, S.L i, en definitiva, consent l&#8217;enviament de comunicacions comercials a trav\u00e9s de qualsevol mitj\u00e0 ja sigui electr\u00f2nic (tel\u00e8fon, fax, correu electr\u00f2nic, SMS, MMS, etc.) o no electr\u00f2nic (correu ordinari, etc.), sense que serveixin els mitjans enumerats com una llista tancada, sempre que tingui per finalitat el manteniment de la relaci\u00f3 existent entre el client i\/o usuari i L&#8217;EMPRESA, aix\u00ed com l&#8217;acompliment de les tasques d&#8217;informaci\u00f3, i altres activitats pr\u00f2pies dels serveis que presta.<\/p><p> <\/p><p>Pot revocar el consentiment per a finalitats publicit\u00e0ries segons procediment descrit en Exercici Drets.<\/p><p>Formulari web<\/p><p>De conformitat amb el que s&#8217;estableix en la normativa vigent en Protecci\u00f3 de Dades de Car\u00e0cter Personal, l&#8217;informem que les seves dades seran incorporades al sistema de tractament titularitat de MONIBERIC SELECCI\u00d3, SL amb domicili en Carrer Cami del Mig, 122 Pol. Ind. Les Corts 08349 &#8211; Cabrera de Mar (Barcelona) amb la finalitat d&#8217;atendre les seves consultes. En compliment amb la normativa vigent, L&#8217;EMPRESA l&#8217;informa que les dades seran conservades durant el termini estrictament necessari per a complir amb la finalitat de la recollida.<\/p><p>Mentre no ens comuniqui el contrari, entendrem que les seves dades no han estat modificats, que vost\u00e8 es compromet a notificar-nos qualsevol variaci\u00f3 i que tenim el seu consentiment per a utilitzar-los per a la finalitat precitada.<\/p><p>L&#8217;EMPRESA l&#8217;informa que procedir\u00e0 a tractar les dades de manera l\u00edcita, lleial, transparent, adequada, pertinent, limitada, exacta i actualitzada. \u00c9s per aix\u00f2 que L&#8217;EMPRESA es compromet a adoptar totes les mesures raonables perqu\u00e8 aquests se suprimeixin o rectifiquin sense dilaci\u00f3 quan siguin inexactes.<\/p><p>De acuerdo con los derechos que le confiere el la normativa vigente en protecci\u00f3n de datos podr\u00e1 ejercer los derechos de acceso, rectificaci\u00f3n, limitaci\u00f3n de tratamiento, supresi\u00f3n, portabilidad y oposici\u00f3n al tratamiento de sus datos de car\u00e1cter personal as\u00ed como del consentimiento prestado para el tratamiento de los mismos, dirigiendo su petici\u00f3n a la direcci\u00f3n postal indicada m\u00e1s arriba o al correo electr\u00f3nico: <a href=\"mailto:informacion@moniberic.com\">informacion@moniberic.com<\/a><\/p><p>Podr\u00e0 dirigir-se a l&#8217;Autoritat de Control competent per a presentar la reclamaci\u00f3 que consideri oportuna.<\/p><p> <\/p><p>Newsletter<\/p><p>De conformitat amb el que s&#8217;estableix en la normativa vigent en Protecci\u00f3 de Dades de Car\u00e0cter Personal, l&#8217;informem que el correu electr\u00f2nic que ens ha proporcionat ser\u00e0 incorporat a un sistema de tractament sota la responsabilitat de L&#8217;EMPRESA amb la finalitat de tramitar la seva sol\u00b7licitud de subscripci\u00f3 i poder remetre-li peri\u00f2dicament el nostre Newsletter.<\/p><p>Pot exercir els seus drets d&#8217;acc\u00e9s, rectificaci\u00f3, cancel\u00b7laci\u00f3 i oposici\u00f3 mitjan\u00e7ant un escrit a la nostra adre\u00e7a Carrer Cami del Mig, 122 Pol. Ind. Les Corts 08349 &#8211; Cabrera de Mar (Barcelona)<\/p><p>Mentre no ens comuniqui el contrari entendrem que les seves dades no han estat modificats, que vost\u00e8 es compromet a notificar-nos qualsevol variaci\u00f3 i que d&#8217;acord amb l&#8217;article 21.1 de la Llei 34\/2002 de serveis de la societat de la informaci\u00f3 i de comer\u00e7 electr\u00f2nic, realitzada la seva sol\u00b7licitud de subscripci\u00f3, comptem amb el seu consentiment per al tractament de les seves dades, d&#8217;acord amb les finalitats esmentades.<\/p><p>Aix\u00ed mateix, l&#8217;informem que podr\u00e0 revocar en qualsevol moment el consentiment prestat, cancel\u00b7lant la seva subscripci\u00f3 al Newsletter, enviant un e-mail a l&#8217;adre\u00e7a de correu electr\u00f2nic: <a href=\"mailto:informacion@moniberic.com\">informacion@moniberic.com<\/a><\/p><p> <\/p><p>En acceptar la pol\u00edtica de protecci\u00f3 de dades, Vost\u00e8 manifesta que ha estat informat en els termes del Reglament (UE) 2016\/679 del Parlament Europeu I del Consell, relatiu a la protecci\u00f3 de les persones f\u00edsiques pel que fa al tractament de dades personals, i que atorga el seu consentiment per al tractament de les seves dades personals a les finalitats anteriorment descrites, sense perjudici de l&#8217;exercici dels corresponents drets ARC o la revocaci\u00f3 del consentiment prestat.<\/p><p> <\/p><p>L&#8217;EMPRESA es reserva el dret de modificar la seva pol\u00edtica de privacitat d&#8217;acord amb el seu criteri, o a causa d&#8217;un canvi legislatiu, jurisprudencial o en la pr\u00e0ctica empresarial.<\/p><p> <\/p><p>Si L&#8217;EMPRESA introdu\u00eds alguna modificaci\u00f3, el nou text ser\u00e0 publicat en aquest mateix lloc web, on l&#8217;Usuari podr\u00e0 tenir coneixement de la pol\u00edtica de privacitat actual.<\/p><p> <\/p><p>D&#8217;acord amb el que s&#8217;estableix en el Reglament (UE) 2016\/679 del Parlament Europeu i del Consell, relatiu a la protecci\u00f3 de les persones f\u00edsiques pel que fa al tractament de dades personals, l&#8217;usuari queda informat del lleial tractament de les seves dades personals per l&#8217;EMPRESA autoritzant a aquest al tractament de les dades als quals tingui acc\u00e9s a conseq\u00fc\u00e8ncia de la navegaci\u00f3 per les p\u00e0gines web d&#8217;internet, de la consulta, sol\u00b7licitud o contractaci\u00f3 de qualsevol servei o producte, o de qualsevol transacci\u00f3 o operaci\u00f3 realitzada, per a les finalitats d&#8217;oferta o comunicacions publicit\u00e0ries i promocionals i contractaci\u00f3 d&#8217;altres productes i serveis d&#8217;i per al manteniment de la seva relaci\u00f3 contractual i de gesti\u00f3 comercial amb L&#8217;EMPRESA En particular, el client\/usuari autoritza L&#8217;EMPRESA perqu\u00e8 envi\u00ef ofertes o comunicacions publicit\u00e0ries i promocionals per via electr\u00f2nica a la seva adre\u00e7a de correu electr\u00f2nic o a trav\u00e9s d&#8217;un altre mitj\u00e0 de comunicaci\u00f3 electr\u00f2nica equivalent.<\/p><p> <\/p><p>Les dades identificatives, aix\u00ed com totes les dades de contacte el car\u00e0cter obligatori del qual s&#8217;estableixi expressament, i qualssevol altres que puguin ser exigits per la web de L&#8217;EMPRESA s\u00f3n obligatoris i la negativa a subministrar-los suposar\u00e0 la impossibilitat d&#8217;activar el compte d&#8217;acc\u00e9s. Les restants dades que puguin sol\u00b7licitar-se s\u00f3n voluntaris, per la qual cosa el fet de no facilitar-los no impedir\u00e0 l&#8217;establiment de la relaci\u00f3 contractual. Una vegada sol\u00b7licitada l&#8217;alta com a client, l&#8217;usuari podr\u00e0 accedir a les zones privades de la web. L&#8217;usuari autoritza expressament al fet que despr\u00e9s d&#8217;emplenar el formulari de registre com a client, L&#8217;EMPRESA es posi en contacte amb vost\u00e8 per a confirmar-li l&#8217;alta.<\/p><p> <\/p><p>Condicions d&#8217;\u00fas del blog<\/p><p>L&#8217;Usuari podr\u00e0 manifestar opinions i realitzar aportacions a fi que altres Usuaris o visitants puguin accedir als comentaris i contestar a ells en el seu cas.<\/p><p>LA EMPRESA se reserva el derecho de retirar de su blog todos aquellos contenidos que no sean acordes con sus condiciones de uso.<\/p><p>Les opinions expressades s\u00f3n d&#8217;exclusiva responsabilitat dels autors pel que L&#8217;EMPRESA no es fa responsable d&#8217;aquestes.<\/p><p>No obstant aix\u00f2, L&#8217;EMPRESA vetllar\u00e0 perqu\u00e8 aquestes opinions no resultin ofensives i no vulnerin la legalitat vigent.<\/p>\t\t\t\t\t\t\t\t<\/div>\n\t\t\t\t<div class=\"elementor-element elementor-element-a68623e elementor-widget elementor-widget-heading\" data-id=\"a68623e\" data-element_type=\"widget\" data-e-type=\"widget\" data-widget_type=\"heading.default\">\n\t\t\t\t\t<h2 class=\"elementor-heading-title elementor-size-default\">LEGITIMACI\u00d3 O BASE JUR\u00cdDICA DEL TRACTAMENT<\/h2>\t\t\t\t<\/div>\n\t\t\t\t<div class=\"elementor-element elementor-element-debb5ee elementor-widget elementor-widget-text-editor\" data-id=\"debb5ee\" data-element_type=\"widget\" data-e-type=\"widget\" data-widget_type=\"text-editor.default\">\n\t\t\t\t\t\t\t\t\t<p>La base jur\u00eddica per al tractament de les dades recollides a trav\u00e9s del lloc web per l&#8217;EMPRESA, ser\u00e0 la seg\u00fcent:<\/p><p> <\/p><p>&#8211; En el cas de la recollida de dades a trav\u00e9s dels canals de contacte habilitats en el lloc web, inclosos els formularis de contacte, la base jur\u00eddica per al tractament de les dades \u00e9s la de recaptar el consentiment de l&#8217;interessat o usuari per al tractament de les seves dades.<\/p><p>Per a aix\u00f2, en cada formulari s&#8217;inclour\u00e0 un check-box en el qual se sol\u00b7licitar\u00e0 aquest consentiment, informant de l&#8217;exist\u00e8ncia de la present pol\u00edtica de privacitat i facilitant l&#8217;acc\u00e9s a aquesta.<\/p><p>&#8211; En el cas en qu\u00e8 existeixi una relaci\u00f3 contractual o pre-contractual entre L&#8217;EMPRESA i l&#8217;usuari, la base jur\u00eddica per al tractament de les dades facilitades estar\u00e0 legitimat en aquesta relaci\u00f3, de manera que nom\u00e9s es recaptaran les dades necess\u00e0ries per a sustentar aquestes relacions comercials i contractuals.<\/p><p>&#8211; No obstant aix\u00f2 el Responsable del Tractament de dades t\u00e9 un inter\u00e8s leg\u00edtim ponderat a remetre-li comunicacions comercials sobre els seus serveis.<\/p>\t\t\t\t\t\t\t\t<\/div>\n\t\t\t\t<div class=\"elementor-element elementor-element-d88f897 elementor-widget elementor-widget-heading\" data-id=\"d88f897\" data-element_type=\"widget\" data-e-type=\"widget\" data-widget_type=\"heading.default\">\n\t\t\t\t\t<h2 class=\"elementor-heading-title elementor-size-default\">CESSIONS DE LES DADES PERSONALS DE L'USUARI A TERCERS\n\n<\/h2>\t\t\t\t<\/div>\n\t\t\t\t<div class=\"elementor-element elementor-element-2fc71b7 elementor-widget elementor-widget-text-editor\" data-id=\"2fc71b7\" data-element_type=\"widget\" data-e-type=\"widget\" data-widget_type=\"text-editor.default\">\n\t\t\t\t\t\t\t\t\t<p>L&#8217;EMPRESA informa l&#8217;usuari que no se cediran dades a tercers, tret que la cessi\u00f3 sigui imprescindible, i en aquest \u00faltim cas sempre que estiguin relacionades les finalitats del cedent i cessionari, i amb el conseg\u00fcent consentiment previ de l&#8217;interessat.<\/p>\t\t\t\t\t\t\t\t<\/div>\n\t\t\t\t<div class=\"elementor-element elementor-element-cfc3a10 elementor-widget elementor-widget-heading\" data-id=\"cfc3a10\" data-element_type=\"widget\" data-e-type=\"widget\" data-widget_type=\"heading.default\">\n\t\t\t\t\t<h2 class=\"elementor-heading-title elementor-size-default\">TRANSFER\u00c8NCIES INTERNACIONALS DE DADES<\/h2>\t\t\t\t<\/div>\n\t\t\t\t<div class=\"elementor-element elementor-element-27c4e8c elementor-widget elementor-widget-text-editor\" data-id=\"27c4e8c\" data-element_type=\"widget\" data-e-type=\"widget\" data-widget_type=\"text-editor.default\">\n\t\t\t\t\t\t\t\t\t<p>L&#8217;EMPRESA informa l&#8217;usuari que no es realitzen transfer\u00e8ncies internacionals de dades<\/p>\t\t\t\t\t\t\t\t<\/div>\n\t\t\t\t<div class=\"elementor-element elementor-element-e96ce2a elementor-widget elementor-widget-heading\" data-id=\"e96ce2a\" data-element_type=\"widget\" data-e-type=\"widget\" data-widget_type=\"heading.default\">\n\t\t\t\t\t<h2 class=\"elementor-heading-title elementor-size-default\">EXERCICI DE DRETS D'ACC\u00c9S, RECTIFICACI\u00d3, CANCEL\u00b7LACI\u00d3 O SUPRESSI\u00d3, OPOSICI\u00d3, LIMITACI\u00d3 AL TRACTAMENT I PORTABILITAT<\/h2>\t\t\t\t<\/div>\n\t\t\t\t<div class=\"elementor-element elementor-element-b4633c3 elementor-widget elementor-widget-text-editor\" data-id=\"b4633c3\" data-element_type=\"widget\" data-e-type=\"widget\" data-widget_type=\"text-editor.default\">\n\t\t\t\t\t\t\t\t\t<p>L&#8217;informem que els drets d&#8217;acc\u00e9s, rectificaci\u00f3, supressi\u00f3, limitaci\u00f3 de tractament, o oposici\u00f3 al tractament, aix\u00ed com el dret a la portabilitat de les dades podran ser exercitats davant el Responsable del tractament per qualsevol mitj\u00e0 subjecte en dret, acompanyant de c\u00f2pia de document oficial que li identifiqui dirigint-se a: MONIBERIC SELECCI\u00d3, S.L. Carrer Cami del Mig, 122 Pol. Ind. Les Corts 08349 &#8211; Cabrera de Mar (Barcelona) o enviant un missatge al correu electr\u00f2nic a <a href=\"mailto:informacion@moniberic.com\">informacion@moniberic.com<\/a> segons els termes que la normativa aplicable estableix. Si considereu que el tractament no s&#8217;ajusta a la normativa vigent, podreu presentar una reclamaci\u00f3 davant l&#8217;autoritat de control a <a href=\"https:\/\/aepd.es\/\">aepd.es<\/a>.<\/p><p>La sol\u00b7licitud haur\u00e0 de contenir nom, cognoms de l&#8217;interessat, c\u00f2pia del DNI i, en els casos que s&#8217;admeti, de la persona que el representi, aix\u00ed com document acreditatiu de la representaci\u00f3, petici\u00f3 en qu\u00e8 es concreta la sol\u00b7licitud, domicili a l&#8217;efecte de notificacions, data i signatura del sol\u00b7licitant i documents acreditatius de la petici\u00f3 que formula. Si la sol\u00b7licitud no reuneix els requisits especificats es requerir\u00e0 la seva esmena. Respecte al dret d&#8217;acc\u00e9s, \u00fanicament es denegar\u00e0 quan la sol\u00b7licitud sigui formulada per persona diferent de l&#8217;afectat. No s&#8217;exigir\u00e0 cap contraprestaci\u00f3 per l&#8217;exercici dels drets.<\/p><p>En el cas que s&#8217;hagi atorgat el consentiment per a alguna finalitat espec\u00edfica, es pot exercitar el dret a retirar aquest consentiment en qualsevol moment, sense que aix\u00f2 afecti la licitud del tractament basat en el consentiment previ a la seva retirada.<\/p><p>L&#8217;usuari queda informat del dret que us assisteix a presentar una reclamaci\u00f3 davant l&#8217;Ag\u00e8ncia Espanyola de Protecci\u00f3 de Dades (AEPD) i\/o sol\u00b7licitar la vostra tutela, en particular, quan l&#8217;usuari consideri que no ha obtingut satisfacci\u00f3 per part de L&#8217;EMPRESA, en l&#8217;exercici dels vostres drets, a trav\u00e9s de la seu electr\u00f2nica del vostre portal web (<a href=\"https:\/\/aepd.es\/\">aepd.es<\/a>), o b\u00e9 mitjan\u00e7ant escrit ).<\/p><p>L&#8217;Usuari declara haver estat informat de les condicions sobre Protecci\u00f3 de Dades de Car\u00e0cter Personal en els termes establerts en l&#8217;Article 13 del Reglament (UE) 2016\/679 del Parlament Europeu I del Consell, relatiu a la protecci\u00f3 de les persones f\u00edsiques pel que fa al tractament de dades personals, atorgant el seu consentiment per al tractament de les seves dades personals en relaci\u00f3 a les finalitats anteriorment descrites, en la forma i per a les finalitats indicades en la present Pol\u00edtica de Privacitat.<\/p><p>L&#8217;EMPRESA es reserva el dret de modificar la seva pol\u00edtica de protecci\u00f3 de dades d&#8217;acord amb el seu criteri, o a causa d&#8217;un canvi legislatiu, jurisprudencial o en la pr\u00e0ctica empresarial.<\/p><p>Si L&#8217;EMPRESA inclogu\u00e9s alguna modificaci\u00f3, el nou text ser\u00e0 publicat en aquest mateix lloc web, on l&#8217;Usuari podr\u00e0 tenir coneixement de la pol\u00edtica de protecci\u00f3 de dades actual.<\/p><p><strong> <\/strong><\/p><table><tbody><tr><td><p><strong> <\/strong><\/p><\/td><td><p><strong>Informaci\u00f3 B\u00e0sica<\/strong><\/p><\/td><td><p><strong>Informaci\u00f3 Addicional<\/strong><\/p><\/td><\/tr><tr><td><p><strong>Responsable del Tractament<\/strong><\/p><\/td><td><p>MONIBERIC SELECCI\u00d3N, S.L<\/p><\/td><td><p>MONIBERIC SELECCI\u00d3N, S.L<\/p><p>B-62876859<\/p><p>CALLE CAMI DEL MIG, 122 POL. IND. LES CORTS 08349 &#8211; CABRERA DE MAR (BARCELONA)<\/p><p>E-Mail: informacion@moniberic.com<\/p><p>Lloc Web https:\/\/moniberic.com<\/p><\/td><\/tr><tr><td><p><strong>Finalitats principals<\/strong><\/p><\/td><td><p>Gesti\u00f3 administrativa, fiscal, comptable i comercial<\/p><p>Atenci\u00f3 de consultes<\/p><\/td><td><p>La finalitat principal del tractament \u00e9s la Gesti\u00f3 administrativa, fiscal i comptable.<\/p><p>&#8211;<\/p><p>La gesti\u00f3 comercial i publicit\u00e0ria comptar\u00e0 sempre amb el consentiment de l&#8217;interessat, excepte en el cas d&#8217;excepcions legals.<\/p><p>&#8211;<\/p><p>Atendre les consultes dels Usuaris que es posin en contacte amb nosaltres a trav\u00e9s dels apartats de Contacte o Formularis habilitats en la p\u00e0gina web corporativa.<\/p><p>&#8211;<\/p><p>No existiran decisions automatitzades perfils, ni l\u00f2gica aplicada<\/p><\/td><\/tr><tr><td><p><strong>Legitimaci\u00f3 i conservaci\u00f3<\/strong><\/p><\/td><td><p>Base jur\u00eddica del tractament<\/p><\/td><td><p>La base jur\u00eddica per al tractament de les dades \u00e9s el consentiment de l&#8217;interessat atorgat per l&#8217;usuari amb la marcaci\u00f3, en el seu cas, de la corresponent casella d&#8217;acceptaci\u00f3 de la pol\u00edtica de privacitat. Les dades es conservaran mentre es mantingui li relaci\u00f3 comercial o contractual, o la seva finalitat, i no se sol\u00b7liciti la seva supressi\u00f3, i en qualsevol cas en compliment de terminis legals de prescripci\u00f3 que li resultin d&#8217;aplicaci\u00f3<\/p><\/td><\/tr><tr><td><p><strong>Destinataris de cessions<\/strong><\/p><\/td><td><p>No s&#8217;han previst cessions de dades, ni transfer\u00e8ncies internacionals de dades<\/p><\/td><td><p>No s&#8217;han previst cessions de dades. En cas de produir-se tindran per finalitat el compliment de fins directament relacionats amb les funcions leg\u00edtimes del cedent i del cessionari amb el previ consentiment de l&#8217;interessat.<\/p><\/td><\/tr><tr><td><p><strong>Drets dels interessats<\/strong><\/p><\/td><td><p>Exercici de drets<\/p><\/td><td><p>Els interessats poden exercitar els seus drets d&#8217;acc\u00e9s, rectificaci\u00f3, supressi\u00f3, portabilitat i la limitaci\u00f3 o oposici\u00f3 dirigint-se per escrit, acompanyant fotoc\u00f2pia del DNI a Carrer Cami del Mig, 122 Pol. Ind. Les Corts 08349 &#8211; Cabrera de Mar (Barcelona)<\/p><p>E-mail:informacion@moniberic.com<\/p><p>En cas que els seus drets no siguin correctament atesos Vost\u00e8 podr\u00e0 dirigir-se a l&#8217;Autoritat de Control competent per a presentar la reclamaci\u00f3 que consideri oportuna.<\/p><\/td><\/tr><tr><td><p><strong>Proced\u00e8ncia de les dades<\/strong><\/p><\/td><td><p>Proced\u00e8ncia de les dades<\/p><\/td><td><p>Les dades personals que tractem en MONIBERIC SELECCI\u00d3, S.L procedeixen del propi interessat o de tercers legitimats per a la cessi\u00f3 d&#8217;aquests.<\/p><\/td><\/tr><\/tbody><\/table>\t\t\t\t\t\t\t\t<\/div>\n\t\t\t\t\t<\/div>\n\t\t\t\t<\/div>\n\t\t\t\t<\/div>\n\t\t","protected":false},"excerpt":{"rendered":"<p>POL\u00cdTICA DE PRIVACITAT Aquesta pol\u00edtica de privacitat estableix la forma en qu\u00e8 es gestionaran les dades personals que l&#8217;usuari ens faciliti a trav\u00e9s del correu electr\u00f2nic, formularis web, etc. A l&#8217;efecte del que es preveu en l&#8217;Article 13 del Reglament (UE) 2016\/679 del Parlament Europeu i del Consell, relatiu a la protecci\u00f3 de les persones [&hellip;]<\/p>\n","protected":false},"author":1,"featured_media":0,"parent":0,"menu_order":0,"comment_status":"closed","ping_status":"closed","template":"elementor_header_footer","meta":{"footnotes":""},"class_list":["post-1731","page","type-page","status-publish","hentry"],"_links":{"self":[{"href":"https:\/\/moniberic.com\/ca\/wp-json\/wp\/v2\/pages\/1731","targetHints":{"allow":["GET"]}}],"collection":[{"href":"https:\/\/moniberic.com\/ca\/wp-json\/wp\/v2\/pages"}],"about":[{"href":"https:\/\/moniberic.com\/ca\/wp-json\/wp\/v2\/types\/page"}],"author":[{"embeddable":true,"href":"https:\/\/moniberic.com\/ca\/wp-json\/wp\/v2\/users\/1"}],"replies":[{"embeddable":true,"href":"https:\/\/moniberic.com\/ca\/wp-json\/wp\/v2\/comments?post=1731"}],"version-history":[{"count":0,"href":"https:\/\/moniberic.com\/ca\/wp-json\/wp\/v2\/pages\/1731\/revisions"}],"wp:attachment":[{"href":"https:\/\/moniberic.com\/ca\/wp-json\/wp\/v2\/media?parent=1731"}],"curies":[{"name":"wp","href":"https:\/\/api.w.org\/{rel}","templated":true}]}}