{"id":1705,"date":"2022-11-22T17:29:21","date_gmt":"2022-11-22T16:29:21","guid":{"rendered":"https:\/\/moniberic.com\/politica-de-cookies\/"},"modified":"2025-02-28T14:44:58","modified_gmt":"2025-02-28T13:44:58","slug":"politica-de-cookies","status":"publish","type":"page","link":"https:\/\/moniberic.com\/ca\/politica-de-cookies\/","title":{"rendered":"Pol\u00edtica de cookies"},"content":{"rendered":"\t\t<div data-elementor-type=\"wp-page\" data-elementor-id=\"1705\" class=\"elementor elementor-1705 elementor-1171\" data-elementor-post-type=\"page\">\n\t\t\t\t<div data-particle_enable=\"false\" data-particle-mobile-disabled=\"false\" class=\"elementor-element elementor-element-94a7c41 e-flex e-con-boxed e-con e-parent\" data-id=\"94a7c41\" data-element_type=\"container\" data-e-type=\"container\">\n\t\t\t\t\t<div class=\"e-con-inner\">\n\t\t\t\t<div class=\"elementor-element elementor-element-e1b1eb2 elementor-widget elementor-widget-heading\" data-id=\"e1b1eb2\" data-element_type=\"widget\" data-e-type=\"widget\" data-widget_type=\"heading.default\">\n\t\t\t\t\t<h1 class=\"elementor-heading-title elementor-size-default\">POL\u00cdTICA DE COOKIES<\/h1>\t\t\t\t<\/div>\n\t\t\t\t<div class=\"elementor-element elementor-element-1477af9 elementor-widget elementor-widget-heading\" data-id=\"1477af9\" data-element_type=\"widget\" data-e-type=\"widget\" data-widget_type=\"heading.default\">\n\t\t\t\t\t<h2 class=\"elementor-heading-title elementor-size-default\">1. Informaci\u00f3<\/h2>\t\t\t\t<\/div>\n\t\t\t\t<div class=\"elementor-element elementor-element-9fad3c6 elementor-widget elementor-widget-text-editor\" data-id=\"9fad3c6\" data-element_type=\"widget\" data-e-type=\"widget\" data-widget_type=\"text-editor.default\">\n\t\t\t\t\t\t\t\t\t<div class=\"rte\"><p>\u00das de cookies al lloc web <a href=\"https:\/\/moniberic.com\/ca\/\">https:\/\/moniberic.com<\/a> En compliment de la Llei 34\/2002, d&#8217;11 de juliol, de serveis de la societat de la informaci\u00f3 i de comer\u00e7 electr\u00f2nic (LSSI), modificada en el seu art. 22 per l&#8217;art. 4.3 pertanyent al T\u00edtol II, Modificacions relatives a la transposici\u00f3 de Directives en mat\u00e8ria de Telecomunicacions i Societat de la Informaci\u00f3, del Reial decret llei 13\/2012, de 30 de mar\u00e7 pel qual es transposen directives en mat\u00e8ria comunicacions electr\u00f2niques, l&#8217;informem de la utilitzaci\u00f3 de cookies en el lloc web corporatiu de MONIBERIC SELECCI\u00d3, S.L amb la finalitat de facilitar i millorar la navegaci\u00f3.<\/p><\/div>\t\t\t\t\t\t\t\t<\/div>\n\t\t\t\t<div class=\"elementor-element elementor-element-a5fa9d8 elementor-widget elementor-widget-heading\" data-id=\"a5fa9d8\" data-element_type=\"widget\" data-e-type=\"widget\" data-widget_type=\"heading.default\">\n\t\t\t\t\t<h2 class=\"elementor-heading-title elementor-size-default\">QU\u00c8 S\u00d3N LES COOKIES?\n\n<\/h2>\t\t\t\t<\/div>\n\t\t\t\t<div class=\"elementor-element elementor-element-df63705 elementor-widget elementor-widget-text-editor\" data-id=\"df63705\" data-element_type=\"widget\" data-e-type=\"widget\" data-widget_type=\"text-editor.default\">\n\t\t\t\t\t\t\t\t\t<div class=\"rte\"><p>Una cookie \u00e9s un fitxer que es descarrega en el disc dur del seu ordinador en accedir a determinades p\u00e0gines web o aplicacions. Les cookies permeten, entre altres coses, recopilar informaci\u00f3 estad\u00edstica, facilitar unes certes funcionalitats t\u00e8cniques, emmagatzemar i recuperar informaci\u00f3 sobre els h\u00e0bits de navegaci\u00f3 o prefer\u00e8ncies d&#8217;un usuari o del seu equip i, depenent de la informaci\u00f3 que continguin i de la forma en qu\u00e8 utilitzi el seu equip, poden utilitzar-se per a recon\u00e8ixer a l&#8217;usuari. Tingui en compte que les cookies no poden danyar el seu equip i que, a canvi, el que estiguin activades ens ajuden a identificar i resoldre els possibles errors.<\/p><p>Les cookies utilitzades a <a href=\"https:\/\/moniberic.com\/ca\/\">https:\/\/moniberic.com<\/a><\/p><ul><li>Cookies estrictament necess\u00e0ries com per exemple, aquelles que serveixen per a una correcta navegaci\u00f3 i asseguren que el contingut de la p\u00e0gina web es carrega efica\u00e7ment.<\/li><li>Cookies anal\u00edtiques, s\u00f3n cookies utilitzades per a l&#8217;an\u00e0lisi, recerca o estad\u00edstiques amb la finalitat de millorar l&#8217;experi\u00e8ncia del lloc web. Mitjan\u00e7ant l&#8217;\u00fas d&#8217;aquestes cookies es pot mostrar informaci\u00f3 m\u00e9s rellevant als visitants.<\/li><li>Cookies de tercers com per exemple, les usades per les xarxes socials, o per complements externs de contingut com google maps.<\/li><\/ul><\/div>\t\t\t\t\t\t\t\t<\/div>\n\t\t\t\t<div class=\"elementor-element elementor-element-ad5598f elementor-widget elementor-widget-heading\" data-id=\"ad5598f\" data-element_type=\"widget\" data-e-type=\"widget\" data-widget_type=\"heading.default\">\n\t\t\t\t\t<h2 class=\"elementor-heading-title elementor-size-default\">2. Consentiment\n\n<\/h2>\t\t\t\t<\/div>\n\t\t\t\t<div class=\"elementor-element elementor-element-84cb9f7 elementor-widget elementor-widget-text-editor\" data-id=\"84cb9f7\" data-element_type=\"widget\" data-e-type=\"widget\" data-widget_type=\"text-editor.default\">\n\t\t\t\t\t\t\t\t\t<div class=\"rte\"><p>L&#8217;usuari per la mera continuaci\u00f3 en la navegaci\u00f3 pel present lloc web accepta la present pol\u00edtica de cookies i consent l&#8217;\u00fas d&#8217;aquestes. L&#8217;emmagatzematge i tractament de la informaci\u00f3 aix\u00ed obtinguda obeeix a una finalitat t\u00e8cnica, a la fi d&#8217;efectuar la transmissi\u00f3 d&#8217;una comunicaci\u00f3 per una xarxa de comunicacions electr\u00f2niques, aix\u00ed com poder dur a terme la prestaci\u00f3 d&#8217;un servei de la societat de la informaci\u00f3 expressament sol\u00b7licitat per l&#8217;usuari registrat.<\/p><p>En qualsevol cas, l&#8217;usuari pot accedir al men\u00fa de prefer\u00e8ncies del seu navegador i configurar-lo perqu\u00e8 no s&#8217;instal\u00b7lin cookies, esborrar les ja existents i\/o eliminar-les abans d&#8217;iniciar la navegaci\u00f3 per altres p\u00e0gines del Lloc web. Aix\u00ed mateix, pot utilitzar eines de bloqueig de cookies.<\/p><\/div>\t\t\t\t\t\t\t\t<\/div>\n\t\t\t\t<div class=\"elementor-element elementor-element-7b71bc0 elementor-widget elementor-widget-heading\" data-id=\"7b71bc0\" data-element_type=\"widget\" data-e-type=\"widget\" data-widget_type=\"heading.default\">\n\t\t\t\t\t<h2 class=\"elementor-heading-title elementor-size-default\">DESHABILITACI\u00d3 DE COOKIES\n\n<\/h2>\t\t\t\t<\/div>\n\t\t\t\t<div class=\"elementor-element elementor-element-7ff0958 elementor-widget elementor-widget-text-editor\" data-id=\"7ff0958\" data-element_type=\"widget\" data-e-type=\"widget\" data-widget_type=\"text-editor.default\">\n\t\t\t\t\t\t\t\t\t<div class=\"rte\"><p>Per a con\u00e8ixer la forma en la qual deshabilitar les cookies del seu navegador, li indiquem els passos a seguir en els principals navegadors:<\/p><p>Internet Explorer: Eines \u2192 Opcions d&#8217;Internet \u2192 Privacitat \u2192 Configuraci\u00f3. <br>Per a m\u00e9s informaci\u00f3, pot consultar el suport de Microsoft o l&#8217;Ajuda del navegador.<\/p><p>Firefox: Eines \u2192 Opcions \u2192 Privacitat \u2192 Historial \u2192 Configuraci\u00f3 Personalitzada. <br>Per a m\u00e9s informaci\u00f3, pot consultar el suport de Mozilla o l&#8217;Ajuda del navegador.<\/p><p>Chrome: Configuraci\u00f3 \u2192 Mostrar opcions avan\u00e7ades \u2192 Privacitat \u2192 Configuraci\u00f3 de contingut. <br>Per a m\u00e9s informaci\u00f3, pot consultar el suport de Google o l&#8217;Ajuda del navegador.<\/p><p>Safari: Prefer\u00e8ncies \u2192 Seguretat. <br>Per a m\u00e9s informaci\u00f3, pot consultar el suport d&#8217;Apple o l&#8217;Ajuda del navegador.<\/p><\/div>\t\t\t\t\t\t\t\t<\/div>\n\t\t\t\t\t<\/div>\n\t\t\t\t<\/div>\n\t\t\t\t<\/div>\n\t\t","protected":false},"excerpt":{"rendered":"<p>POL\u00cdTICA DE COOKIES 1. Informaci\u00f3 \u00das de cookies al lloc web https:\/\/moniberic.com En compliment de la Llei 34\/2002, d&#8217;11 de juliol, de serveis de la societat de la informaci\u00f3 i de comer\u00e7 electr\u00f2nic (LSSI), modificada en el seu art. 22 per l&#8217;art. 4.3 pertanyent al T\u00edtol II, Modificacions relatives a la transposici\u00f3 de Directives en [&hellip;]<\/p>\n","protected":false},"author":1,"featured_media":0,"parent":0,"menu_order":0,"comment_status":"closed","ping_status":"closed","template":"elementor_header_footer","meta":{"footnotes":""},"class_list":["post-1705","page","type-page","status-publish","hentry"],"_links":{"self":[{"href":"https:\/\/moniberic.com\/ca\/wp-json\/wp\/v2\/pages\/1705","targetHints":{"allow":["GET"]}}],"collection":[{"href":"https:\/\/moniberic.com\/ca\/wp-json\/wp\/v2\/pages"}],"about":[{"href":"https:\/\/moniberic.com\/ca\/wp-json\/wp\/v2\/types\/page"}],"author":[{"embeddable":true,"href":"https:\/\/moniberic.com\/ca\/wp-json\/wp\/v2\/users\/1"}],"replies":[{"embeddable":true,"href":"https:\/\/moniberic.com\/ca\/wp-json\/wp\/v2\/comments?post=1705"}],"version-history":[{"count":0,"href":"https:\/\/moniberic.com\/ca\/wp-json\/wp\/v2\/pages\/1705\/revisions"}],"wp:attachment":[{"href":"https:\/\/moniberic.com\/ca\/wp-json\/wp\/v2\/media?parent=1705"}],"curies":[{"name":"wp","href":"https:\/\/api.w.org\/{rel}","templated":true}]}}