{"id":12142,"date":"2024-10-23T11:29:31","date_gmt":"2024-10-23T10:29:31","guid":{"rendered":"https:\/\/moniberic.com\/cataleg-nadal\/"},"modified":"2025-11-05T09:03:20","modified_gmt":"2025-11-05T08:03:20","slug":"cataleg-nadal","status":"publish","type":"page","link":"https:\/\/moniberic.com\/ca\/cataleg-nadal\/","title":{"rendered":"Cat\u00e0leg Nadal"},"content":{"rendered":"\t\t<div data-elementor-type=\"wp-page\" data-elementor-id=\"12142\" class=\"elementor elementor-12142 elementor-8603\" data-elementor-post-type=\"page\">\n\t\t\t\t<div data-particle_enable=\"false\" data-particle-mobile-disabled=\"false\" class=\"elementor-element elementor-element-347ca19 e-con-full e-flex e-con e-parent\" data-id=\"347ca19\" data-element_type=\"container\" data-e-type=\"container\" data-settings=\"{&quot;background_background&quot;:&quot;classic&quot;}\">\n\t\t<div data-particle_enable=\"false\" data-particle-mobile-disabled=\"false\" class=\"elementor-element elementor-element-ccae4e0 e-con-full e-flex e-con e-child\" data-id=\"ccae4e0\" data-element_type=\"container\" data-e-type=\"container\">\n\t\t\t\t<div class=\"elementor-element elementor-element-1812ffe elementor-widget__width-initial elementor-widget-mobile__width-inherit elementor-widget elementor-widget-shortcode\" data-id=\"1812ffe\" data-element_type=\"widget\" data-e-type=\"widget\" data-widget_type=\"shortcode.default\">\n\t\t\t\t\t\t\t<div class=\"elementor-shortcode\"><div class=\"_df_thumb \" id=\"df_12137\"  _slug=\"cataleg-nadal\" data-title=\"cataleg-nadal\" wpoptions=\"true\" thumb=\"https:\/\/moniberic.com\/wp-content\/uploads\/2024\/10\/Portada-Cataleg-Nadal-2025-Moniberic.webp\" thumbtype=\"\" >Cat\u00e0leg Nadal<\/div><script class=\"df-shortcode-script\" nowprocket type=\"application\/javascript\">window.option_df_12137 = {\"outline\":[],\"autoEnableOutline\":\"false\",\"autoEnableThumbnail\":\"false\",\"overwritePDFOutline\":\"false\",\"direction\":\"1\",\"pageSize\":\"0\",\"source\":\"https:\\\/\\\/moniberic.com\\\/pdf\\\/Moniberic_Cataleg_2025.pdf\",\"wpOptions\":\"true\"}; if(window.DFLIP && window.DFLIP.parseBooks){window.DFLIP.parseBooks();}<\/script><\/div>\n\t\t\t\t\t\t<\/div>\n\t\t\t\t<div class=\"elementor-element elementor-element-b1ee221 elementor-widget elementor-widget-heading\" data-id=\"b1ee221\" data-element_type=\"widget\" data-e-type=\"widget\" data-widget_type=\"heading.default\">\n\t\t\t\t\t<h2 class=\"elementor-heading-title elementor-size-default\">Veure cat\u00e0leg online<\/h2>\t\t\t\t<\/div>\n\t\t\t\t<\/div>\n\t\t<div data-particle_enable=\"false\" data-particle-mobile-disabled=\"false\" class=\"elementor-element elementor-element-5839ba5 e-con-full e-flex e-con e-child\" data-id=\"5839ba5\" data-element_type=\"container\" data-e-type=\"container\">\n\t\t<div data-particle_enable=\"false\" data-particle-mobile-disabled=\"false\" class=\"elementor-element elementor-element-ebf549e e-flex e-con-boxed e-con e-child\" data-id=\"ebf549e\" data-element_type=\"container\" data-e-type=\"container\">\n\t\t\t\t\t<div class=\"e-con-inner\">\n\t\t\t\t<div class=\"elementor-element elementor-element-1c99f84 elementor-widget elementor-widget-text-editor\" data-id=\"1c99f84\" data-element_type=\"widget\" data-e-type=\"widget\" data-widget_type=\"text-editor.default\">\n\t\t\t\t\t\t\t\t\t<p>Benvingut a la nostra col\u00b7lecci\u00f3 nadalenca de productes gurmet!<\/p><p>Aquestes festes, et convidem a descobrir sabors exquisits i del\u00edcies selectes que faran de les teves celebracions una cosa veritablement especial. Des de pernils curats artesanalment fins a vins selectes, cada producte ha estat curosament triat per oferir-te el millor en qualitat i sabor. <\/p><p>Regala&#8217;t a tu mateix i als teus \u00e9ssers estimats una experi\u00e8ncia gastron\u00f2mica inoblidable.<\/p><p>Bones festes i bon profit!<\/p>\t\t\t\t\t\t\t\t<\/div>\n\t\t\t\t<div class=\"elementor-element elementor-element-418375a elementor-widget elementor-widget-button\" data-id=\"418375a\" data-element_type=\"widget\" data-e-type=\"widget\" data-widget_type=\"button.default\">\n\t\t\t\t\t\t\t\t\t\t<a class=\"elementor-button elementor-button-link elementor-size-sm\" href=\"https:\/\/moniberic.com\/pdf\/Moniberic_Cataleg_2025.pdf\" target=\"_blank\">\n\t\t\t\t\t\t<span class=\"elementor-button-content-wrapper\">\n\t\t\t\t\t\t\t\t\t<span class=\"elementor-button-text\">Descarregar cat\u00e0leg<\/span>\n\t\t\t\t\t<\/span>\n\t\t\t\t\t<\/a>\n\t\t\t\t\t\t\t\t<\/div>\n\t\t\t\t\t<\/div>\n\t\t\t\t<\/div>\n\t\t\t\t<\/div>\n\t\t\t\t<\/div>\n\t\t\t\t<\/div>\n\t\t","protected":false},"excerpt":{"rendered":"<p>Veure cat\u00e0leg online Benvingut a la nostra col\u00b7lecci\u00f3 nadalenca de productes gurmet! Aquestes festes, et convidem a descobrir sabors exquisits i del\u00edcies selectes que faran de les teves celebracions una cosa veritablement especial. Des de pernils curats artesanalment fins a vins selectes, cada producte ha estat curosament triat per oferir-te el millor en qualitat i [&hellip;]<\/p>\n","protected":false},"author":1,"featured_media":0,"parent":0,"menu_order":0,"comment_status":"closed","ping_status":"closed","template":"elementor_header_footer","meta":{"footnotes":""},"class_list":["post-12142","page","type-page","status-publish","hentry"],"_links":{"self":[{"href":"https:\/\/moniberic.com\/ca\/wp-json\/wp\/v2\/pages\/12142","targetHints":{"allow":["GET"]}}],"collection":[{"href":"https:\/\/moniberic.com\/ca\/wp-json\/wp\/v2\/pages"}],"about":[{"href":"https:\/\/moniberic.com\/ca\/wp-json\/wp\/v2\/types\/page"}],"author":[{"embeddable":true,"href":"https:\/\/moniberic.com\/ca\/wp-json\/wp\/v2\/users\/1"}],"replies":[{"embeddable":true,"href":"https:\/\/moniberic.com\/ca\/wp-json\/wp\/v2\/comments?post=12142"}],"version-history":[{"count":0,"href":"https:\/\/moniberic.com\/ca\/wp-json\/wp\/v2\/pages\/12142\/revisions"}],"wp:attachment":[{"href":"https:\/\/moniberic.com\/ca\/wp-json\/wp\/v2\/media?parent=12142"}],"curies":[{"name":"wp","href":"https:\/\/api.w.org\/{rel}","templated":true}]}}